{"id":183,"date":"2024-06-20T23:04:23","date_gmt":"2024-06-20T21:04:23","guid":{"rendered":"http:\/\/enyos.fr\/?page_id=183"},"modified":"2024-06-20T23:06:03","modified_gmt":"2024-06-20T21:06:03","slug":"intervention-sur-alarme","status":"publish","type":"page","link":"https:\/\/enyos.fr\/index.php\/notre-offre-de-services\/intervention-sur-alarme\/","title":{"rendered":"Intervention sur alarme"},"content":{"rendered":"\t\t<div data-elementor-type=\"wp-page\" data-elementor-id=\"183\" class=\"elementor elementor-183\" data-elementor-post-type=\"page\">\n\t\t\t\t<div class=\"elementor-element elementor-element-297c9598 e-flex e-con-boxed e-con e-parent\" data-id=\"297c9598\" data-element_type=\"container\" data-settings=\"{&quot;background_background&quot;:&quot;classic&quot;}\">\n\t\t\t\t\t<div class=\"e-con-inner\">\n\t\t\t\t<div class=\"elementor-element elementor-element-7d6a270f elementor-widget elementor-widget-heading\" data-id=\"7d6a270f\" data-element_type=\"widget\" data-widget_type=\"heading.default\">\n\t\t\t\t<div class=\"elementor-widget-container\">\n\t\t\t<style>\/*! elementor - v3.22.0 - 16-06-2024 *\/\n.elementor-heading-title{padding:0;margin:0;line-height:1}.elementor-widget-heading .elementor-heading-title[class*=elementor-size-]>a{color:inherit;font-size:inherit;line-height:inherit}.elementor-widget-heading .elementor-heading-title.elementor-size-small{font-size:15px}.elementor-widget-heading .elementor-heading-title.elementor-size-medium{font-size:19px}.elementor-widget-heading .elementor-heading-title.elementor-size-large{font-size:29px}.elementor-widget-heading .elementor-heading-title.elementor-size-xl{font-size:39px}.elementor-widget-heading .elementor-heading-title.elementor-size-xxl{font-size:59px}<\/style><h2 class=\"elementor-heading-title elementor-size-default\">Intervention sur alarme<\/h2>\t\t<\/div>\n\t\t\t\t<\/div>\n\t\t\t\t\t<\/div>\n\t\t\t\t<\/div>\n\t\t<div class=\"elementor-element elementor-element-5a1813d7 e-con-full e-flex e-con e-parent\" data-id=\"5a1813d7\" data-element_type=\"container\" data-settings=\"{&quot;background_background&quot;:&quot;classic&quot;}\">\n\t\t<div class=\"elementor-element elementor-element-5206107f e-con-full e-flex e-con e-child\" data-id=\"5206107f\" data-element_type=\"container\">\n\t\t\t\t<div class=\"elementor-element elementor-element-ce1b16a elementor-widget elementor-widget-image\" data-id=\"ce1b16a\" data-element_type=\"widget\" data-widget_type=\"image.default\">\n\t\t\t\t<div class=\"elementor-widget-container\">\n\t\t\t<style>\/*! elementor - v3.22.0 - 16-06-2024 *\/\n.elementor-widget-image{text-align:center}.elementor-widget-image a{display:inline-block}.elementor-widget-image a img[src$=\".svg\"]{width:48px}.elementor-widget-image img{vertical-align:middle;display:inline-block}<\/style>\t\t\t\t\t\t\t\t\t\t<img fetchpriority=\"high\" decoding=\"async\" width=\"664\" height=\"682\" src=\"https:\/\/enyos.fr\/wp-content\/uploads\/2024\/06\/Capture-decran-2024-04-01-195517-1.jpg\" class=\"attachment-large size-large wp-image-120\" alt=\"\" srcset=\"https:\/\/enyos.fr\/wp-content\/uploads\/2024\/06\/Capture-decran-2024-04-01-195517-1.jpg 664w, https:\/\/enyos.fr\/wp-content\/uploads\/2024\/06\/Capture-decran-2024-04-01-195517-1-292x300.jpg 292w\" sizes=\"(max-width: 664px) 100vw, 664px\" \/>\t\t\t\t\t\t\t\t\t\t\t\t\t<\/div>\n\t\t\t\t<\/div>\n\t\t\t\t<\/div>\n\t\t<div class=\"elementor-element elementor-element-c67d002 e-con-full e-flex e-con e-child\" data-id=\"c67d002\" data-element_type=\"container\">\n\t\t\t\t<div class=\"elementor-element elementor-element-7ec7a8c elementor-widget elementor-widget-text-editor\" data-id=\"7ec7a8c\" data-element_type=\"widget\" data-widget_type=\"text-editor.default\">\n\t\t\t\t<div class=\"elementor-widget-container\">\n\t\t\t<style>\/*! elementor - v3.22.0 - 16-06-2024 *\/\n.elementor-widget-text-editor.elementor-drop-cap-view-stacked .elementor-drop-cap{background-color:#69727d;color:#fff}.elementor-widget-text-editor.elementor-drop-cap-view-framed .elementor-drop-cap{color:#69727d;border:3px solid;background-color:transparent}.elementor-widget-text-editor:not(.elementor-drop-cap-view-default) .elementor-drop-cap{margin-top:8px}.elementor-widget-text-editor:not(.elementor-drop-cap-view-default) .elementor-drop-cap-letter{width:1em;height:1em}.elementor-widget-text-editor .elementor-drop-cap{float:left;text-align:center;line-height:1;font-size:50px}.elementor-widget-text-editor .elementor-drop-cap-letter{display:inline-block}<\/style>\t\t\t\t<p>Le R\u00f4le des Agents d&#8217;Intervention sur Alarme<\/p><p><br \/>Les agents d&#8217;intervention sur alarme jouent un r\u00f4le cl\u00e9 dans la s\u00e9curit\u00e9 des sites surveill\u00e9s, r\u00e9agissant rapidement et efficacement aux alertes pour prot\u00e9ger les biens et les personnes.<\/p><p>1. R\u00e9ponse Rapide : Lorsqu&#8217;une alarme se d\u00e9clenche, les agents se rendent imm\u00e9diatement sur les lieux pour \u00e9valuer la situation.<\/p><p>2. \u00c9valuation de la Menace : Ils inspectent les installations pour d\u00e9terminer la nature de l&#8217;alarme, qu&#8217;il s&#8217;agisse d&#8217;une intrusion, d&#8217;un incendie ou d&#8217;un autre incident.<\/p><p>3. S\u00e9curisation des Lieux : En cas d&#8217;incident, les agents prennent les mesures n\u00e9cessaires pour s\u00e9curiser les lieux et pr\u00e9venir tout danger suppl\u00e9mentaire.<\/p><p>4. Collaboration avec les Services d&#8217;Urgence : Ils travaillent en coordination avec la police, les pompiers ou les services m\u00e9dicaux si l&#8217;intervention l&#8217;exige.<\/p><p>5. Rapport d&#8217;Intervention : Apr\u00e8s chaque intervention, les agents r\u00e9digent un rapport d\u00e9taill\u00e9, consignant les faits et les actions entreprises.<\/p><p>6. Pr\u00e9vention des Fausse Alarmes : En \u00e9valuant rapidement et pr\u00e9cis\u00e9ment les alarmes, ils aident \u00e0 r\u00e9duire les fausses alarmes, am\u00e9liorant ainsi l&#8217;efficacit\u00e9 du syst\u00e8me de s\u00e9curit\u00e9.<\/p><p>En r\u00e9sum\u00e9, les agents d&#8217;intervention sur alarme sont essentiels pour assurer une r\u00e9ponse rapide et appropri\u00e9e aux alertes, garantissant ainsi la s\u00e9curit\u00e9 et la protection des biens et des personnes.<\/p>\t\t\t\t\t\t<\/div>\n\t\t\t\t<\/div>\n\t\t\t\t<\/div>\n\t\t\t\t<\/div>\n\t\t\t\t<\/div>\n\t\t","protected":false},"excerpt":{"rendered":"<p>Intervention sur alarme Le R\u00f4le des Agents d&#8217;Intervention sur Alarme Les agents d&#8217;intervention sur alarme jouent un r\u00f4le cl\u00e9 dans la s\u00e9curit\u00e9 des sites surveill\u00e9s, r\u00e9agissant rapidement et efficacement aux alertes pour prot\u00e9ger les biens et les personnes. 1. R\u00e9ponse Rapide : Lorsqu&#8217;une alarme se d\u00e9clenche, les agents se rendent imm\u00e9diatement sur les lieux pour&#8230;<\/p>\n","protected":false},"author":1,"featured_media":120,"parent":115,"menu_order":0,"comment_status":"closed","ping_status":"closed","template":"","meta":{"_kad_post_transparent":"","_kad_post_title":"hide","_kad_post_layout":"fullwidth","_kad_post_sidebar_id":"","_kad_post_content_style":"unboxed","_kad_post_vertical_padding":"hide","_kad_post_feature":"hide","_kad_post_feature_position":"","_kad_post_header":false,"_kad_post_footer":false,"footnotes":""},"class_list":["post-183","page","type-page","status-publish","has-post-thumbnail","hentry"],"_links":{"self":[{"href":"https:\/\/enyos.fr\/index.php\/wp-json\/wp\/v2\/pages\/183","targetHints":{"allow":["GET"]}}],"collection":[{"href":"https:\/\/enyos.fr\/index.php\/wp-json\/wp\/v2\/pages"}],"about":[{"href":"https:\/\/enyos.fr\/index.php\/wp-json\/wp\/v2\/types\/page"}],"author":[{"embeddable":true,"href":"https:\/\/enyos.fr\/index.php\/wp-json\/wp\/v2\/users\/1"}],"replies":[{"embeddable":true,"href":"https:\/\/enyos.fr\/index.php\/wp-json\/wp\/v2\/comments?post=183"}],"version-history":[{"count":7,"href":"https:\/\/enyos.fr\/index.php\/wp-json\/wp\/v2\/pages\/183\/revisions"}],"predecessor-version":[{"id":190,"href":"https:\/\/enyos.fr\/index.php\/wp-json\/wp\/v2\/pages\/183\/revisions\/190"}],"up":[{"embeddable":true,"href":"https:\/\/enyos.fr\/index.php\/wp-json\/wp\/v2\/pages\/115"}],"wp:featuredmedia":[{"embeddable":true,"href":"https:\/\/enyos.fr\/index.php\/wp-json\/wp\/v2\/media\/120"}],"wp:attachment":[{"href":"https:\/\/enyos.fr\/index.php\/wp-json\/wp\/v2\/media?parent=183"}],"curies":[{"name":"wp","href":"https:\/\/api.w.org\/{rel}","templated":true}]}}