{"id":196,"date":"2024-06-20T23:09:21","date_gmt":"2024-06-20T21:09:21","guid":{"rendered":"http:\/\/enyos.fr\/?page_id=196"},"modified":"2024-06-20T23:10:21","modified_gmt":"2024-06-20T21:10:21","slug":"agent-de-securite","status":"publish","type":"page","link":"https:\/\/enyos.fr\/index.php\/notre-offre-de-services\/agent-de-securite\/","title":{"rendered":"Agent de s\u00e9curit\u00e9"},"content":{"rendered":"\t\t<div data-elementor-type=\"wp-page\" data-elementor-id=\"196\" class=\"elementor elementor-196\" data-elementor-post-type=\"page\">\n\t\t\t\t<div class=\"elementor-element elementor-element-6eba2dce e-flex e-con-boxed e-con e-parent\" data-id=\"6eba2dce\" data-element_type=\"container\" data-settings=\"{&quot;background_background&quot;:&quot;classic&quot;}\">\n\t\t\t\t\t<div class=\"e-con-inner\">\n\t\t\t\t<div class=\"elementor-element elementor-element-3f8f98b8 elementor-widget elementor-widget-heading\" data-id=\"3f8f98b8\" data-element_type=\"widget\" data-widget_type=\"heading.default\">\n\t\t\t\t<div class=\"elementor-widget-container\">\n\t\t\t<style>\/*! elementor - v3.22.0 - 16-06-2024 *\/\n.elementor-heading-title{padding:0;margin:0;line-height:1}.elementor-widget-heading .elementor-heading-title[class*=elementor-size-]>a{color:inherit;font-size:inherit;line-height:inherit}.elementor-widget-heading .elementor-heading-title.elementor-size-small{font-size:15px}.elementor-widget-heading .elementor-heading-title.elementor-size-medium{font-size:19px}.elementor-widget-heading .elementor-heading-title.elementor-size-large{font-size:29px}.elementor-widget-heading .elementor-heading-title.elementor-size-xl{font-size:39px}.elementor-widget-heading .elementor-heading-title.elementor-size-xxl{font-size:59px}<\/style><h2 class=\"elementor-heading-title elementor-size-default\">Agent de s\u00e9curit\u00e9 <\/h2>\t\t<\/div>\n\t\t\t\t<\/div>\n\t\t\t\t\t<\/div>\n\t\t\t\t<\/div>\n\t\t<div class=\"elementor-element elementor-element-3f726f70 e-con-full e-flex e-con e-parent\" data-id=\"3f726f70\" data-element_type=\"container\" data-settings=\"{&quot;background_background&quot;:&quot;classic&quot;}\">\n\t\t<div class=\"elementor-element elementor-element-544948a4 e-con-full e-flex e-con e-child\" data-id=\"544948a4\" data-element_type=\"container\">\n\t\t\t\t<div class=\"elementor-element elementor-element-3a2c7612 elementor-widget elementor-widget-image\" data-id=\"3a2c7612\" data-element_type=\"widget\" data-widget_type=\"image.default\">\n\t\t\t\t<div class=\"elementor-widget-container\">\n\t\t\t<style>\/*! elementor - v3.22.0 - 16-06-2024 *\/\n.elementor-widget-image{text-align:center}.elementor-widget-image a{display:inline-block}.elementor-widget-image a img[src$=\".svg\"]{width:48px}.elementor-widget-image img{vertical-align:middle;display:inline-block}<\/style>\t\t\t\t\t\t\t\t\t\t<img fetchpriority=\"high\" decoding=\"async\" width=\"683\" height=\"1024\" src=\"https:\/\/enyos.fr\/wp-content\/uploads\/2024\/06\/Enyos-Agent-securite-683x1024.jpg\" class=\"attachment-large size-large wp-image-121\" alt=\"\" srcset=\"https:\/\/enyos.fr\/wp-content\/uploads\/2024\/06\/Enyos-Agent-securite-683x1024.jpg 683w, https:\/\/enyos.fr\/wp-content\/uploads\/2024\/06\/Enyos-Agent-securite-200x300.jpg 200w, https:\/\/enyos.fr\/wp-content\/uploads\/2024\/06\/Enyos-Agent-securite-768x1152.jpg 768w, https:\/\/enyos.fr\/wp-content\/uploads\/2024\/06\/Enyos-Agent-securite-1024x1536.jpg 1024w, https:\/\/enyos.fr\/wp-content\/uploads\/2024\/06\/Enyos-Agent-securite-1365x2048.jpg 1365w, https:\/\/enyos.fr\/wp-content\/uploads\/2024\/06\/Enyos-Agent-securite-scaled.jpg 1706w\" sizes=\"(max-width: 683px) 100vw, 683px\" \/>\t\t\t\t\t\t\t\t\t\t\t\t\t<\/div>\n\t\t\t\t<\/div>\n\t\t\t\t<\/div>\n\t\t<div class=\"elementor-element elementor-element-18e93751 e-con-full e-flex e-con e-child\" data-id=\"18e93751\" data-element_type=\"container\">\n\t\t\t\t<div class=\"elementor-element elementor-element-4b344cae elementor-widget elementor-widget-text-editor\" data-id=\"4b344cae\" data-element_type=\"widget\" data-widget_type=\"text-editor.default\">\n\t\t\t\t<div class=\"elementor-widget-container\">\n\t\t\t<style>\/*! elementor - v3.22.0 - 16-06-2024 *\/\n.elementor-widget-text-editor.elementor-drop-cap-view-stacked .elementor-drop-cap{background-color:#69727d;color:#fff}.elementor-widget-text-editor.elementor-drop-cap-view-framed .elementor-drop-cap{color:#69727d;border:3px solid;background-color:transparent}.elementor-widget-text-editor:not(.elementor-drop-cap-view-default) .elementor-drop-cap{margin-top:8px}.elementor-widget-text-editor:not(.elementor-drop-cap-view-default) .elementor-drop-cap-letter{width:1em;height:1em}.elementor-widget-text-editor .elementor-drop-cap{float:left;text-align:center;line-height:1;font-size:50px}.elementor-widget-text-editor .elementor-drop-cap-letter{display:inline-block}<\/style>\t\t\t\t<p>Le R\u00f4le de l&#8217;Agent de S\u00e9curit\u00e9<\/p><p><br \/>Les agents de s\u00e9curit\u00e9 sont essentiels pour maintenir un environnement s\u00fbr et s\u00e9curis\u00e9, prot\u00e9geant les personnes et les biens dans divers contextes.<\/p><p>1. Surveillance : Les agents patrouillent les sites, surveillant les activit\u00e9s pour d\u00e9tecter tout comportement suspect ou toute situation anormale.<\/p><p>2. Pr\u00e9vention des Incidents : Leur pr\u00e9sence dissuasive aide \u00e0 pr\u00e9venir les vols, les actes de vandalisme et autres d\u00e9lits.<\/p><p>3. Contr\u00f4le des Acc\u00e8s : Ils v\u00e9rifient les identit\u00e9s et autorisations, assurant que seules les personnes autoris\u00e9es acc\u00e8dent aux zones prot\u00e9g\u00e9es.<\/p><p>4. Intervention en Cas d&#8217;Urgence : En cas d&#8217;incident, les agents r\u00e9agissent rapidement pour g\u00e9rer la situation, appeler les secours et prot\u00e9ger les personnes.<\/p><p>5. Assistance aux Personnes : Les agents aident les visiteurs et employ\u00e9s, fournissant des informations et assurant leur s\u00e9curit\u00e9.<\/p><p>6. R\u00e9daction de Rapports : Apr\u00e8s chaque incident ou ronde, ils r\u00e9digent des rapports d\u00e9taill\u00e9s, consign\u00e9s pour le suivi et les enqu\u00eates \u00e9ventuelles.<\/p><p>En r\u00e9sum\u00e9, les agents de s\u00e9curit\u00e9 jouent un r\u00f4le vital dans la protection des biens et des personnes, assurant une vigilance constante et une intervention rapide en cas de besoin.<\/p>\t\t\t\t\t\t<\/div>\n\t\t\t\t<\/div>\n\t\t\t\t<\/div>\n\t\t\t\t<\/div>\n\t\t\t\t<\/div>\n\t\t","protected":false},"excerpt":{"rendered":"<p>Agent de s\u00e9curit\u00e9 Le R\u00f4le de l&#8217;Agent de S\u00e9curit\u00e9 Les agents de s\u00e9curit\u00e9 sont essentiels pour maintenir un environnement s\u00fbr et s\u00e9curis\u00e9, prot\u00e9geant les personnes et les biens dans divers contextes. 1. Surveillance : Les agents patrouillent les sites, surveillant les activit\u00e9s pour d\u00e9tecter tout comportement suspect ou toute situation anormale. 2. Pr\u00e9vention des Incidents&#8230;<\/p>\n","protected":false},"author":1,"featured_media":121,"parent":115,"menu_order":0,"comment_status":"closed","ping_status":"closed","template":"","meta":{"_kad_post_transparent":"","_kad_post_title":"hide","_kad_post_layout":"fullwidth","_kad_post_sidebar_id":"","_kad_post_content_style":"unboxed","_kad_post_vertical_padding":"hide","_kad_post_feature":"hide","_kad_post_feature_position":"","_kad_post_header":false,"_kad_post_footer":false,"footnotes":""},"class_list":["post-196","page","type-page","status-publish","has-post-thumbnail","hentry"],"_links":{"self":[{"href":"https:\/\/enyos.fr\/index.php\/wp-json\/wp\/v2\/pages\/196","targetHints":{"allow":["GET"]}}],"collection":[{"href":"https:\/\/enyos.fr\/index.php\/wp-json\/wp\/v2\/pages"}],"about":[{"href":"https:\/\/enyos.fr\/index.php\/wp-json\/wp\/v2\/types\/page"}],"author":[{"embeddable":true,"href":"https:\/\/enyos.fr\/index.php\/wp-json\/wp\/v2\/users\/1"}],"replies":[{"embeddable":true,"href":"https:\/\/enyos.fr\/index.php\/wp-json\/wp\/v2\/comments?post=196"}],"version-history":[{"count":4,"href":"https:\/\/enyos.fr\/index.php\/wp-json\/wp\/v2\/pages\/196\/revisions"}],"predecessor-version":[{"id":200,"href":"https:\/\/enyos.fr\/index.php\/wp-json\/wp\/v2\/pages\/196\/revisions\/200"}],"up":[{"embeddable":true,"href":"https:\/\/enyos.fr\/index.php\/wp-json\/wp\/v2\/pages\/115"}],"wp:featuredmedia":[{"embeddable":true,"href":"https:\/\/enyos.fr\/index.php\/wp-json\/wp\/v2\/media\/121"}],"wp:attachment":[{"href":"https:\/\/enyos.fr\/index.php\/wp-json\/wp\/v2\/media?parent=196"}],"curies":[{"name":"wp","href":"https:\/\/api.w.org\/{rel}","templated":true}]}}