{"id":206,"date":"2024-06-20T23:13:56","date_gmt":"2024-06-20T21:13:56","guid":{"rendered":"http:\/\/enyos.fr\/?page_id=206"},"modified":"2024-06-20T23:14:57","modified_gmt":"2024-06-20T21:14:57","slug":"agent-ssiap","status":"publish","type":"page","link":"https:\/\/enyos.fr\/index.php\/notre-offre-de-services\/agent-ssiap\/","title":{"rendered":"Agent SSIAP"},"content":{"rendered":"\t\t<div data-elementor-type=\"wp-page\" data-elementor-id=\"206\" class=\"elementor elementor-206\" data-elementor-post-type=\"page\">\n\t\t\t\t<div class=\"elementor-element elementor-element-47f2ed19 e-flex e-con-boxed e-con e-parent\" data-id=\"47f2ed19\" data-element_type=\"container\" data-settings=\"{&quot;background_background&quot;:&quot;classic&quot;}\">\n\t\t\t\t\t<div class=\"e-con-inner\">\n\t\t\t\t<div class=\"elementor-element elementor-element-2625f2 elementor-widget elementor-widget-heading\" data-id=\"2625f2\" data-element_type=\"widget\" data-widget_type=\"heading.default\">\n\t\t\t\t<div class=\"elementor-widget-container\">\n\t\t\t<style>\/*! elementor - v3.22.0 - 16-06-2024 *\/\n.elementor-heading-title{padding:0;margin:0;line-height:1}.elementor-widget-heading .elementor-heading-title[class*=elementor-size-]>a{color:inherit;font-size:inherit;line-height:inherit}.elementor-widget-heading .elementor-heading-title.elementor-size-small{font-size:15px}.elementor-widget-heading .elementor-heading-title.elementor-size-medium{font-size:19px}.elementor-widget-heading .elementor-heading-title.elementor-size-large{font-size:29px}.elementor-widget-heading .elementor-heading-title.elementor-size-xl{font-size:39px}.elementor-widget-heading .elementor-heading-title.elementor-size-xxl{font-size:59px}<\/style><h2 class=\"elementor-heading-title elementor-size-default\">Agent SSIAP<\/h2>\t\t<\/div>\n\t\t\t\t<\/div>\n\t\t\t\t\t<\/div>\n\t\t\t\t<\/div>\n\t\t<div class=\"elementor-element elementor-element-4b6bf911 e-con-full e-flex e-con e-parent\" data-id=\"4b6bf911\" data-element_type=\"container\" data-settings=\"{&quot;background_background&quot;:&quot;classic&quot;}\">\n\t\t<div class=\"elementor-element elementor-element-ad911b5 e-con-full e-flex e-con e-child\" data-id=\"ad911b5\" data-element_type=\"container\">\n\t\t\t\t<div class=\"elementor-element elementor-element-a29bede elementor-widget elementor-widget-image\" data-id=\"a29bede\" data-element_type=\"widget\" data-widget_type=\"image.default\">\n\t\t\t\t<div class=\"elementor-widget-container\">\n\t\t\t<style>\/*! elementor - v3.22.0 - 16-06-2024 *\/\n.elementor-widget-image{text-align:center}.elementor-widget-image a{display:inline-block}.elementor-widget-image a img[src$=\".svg\"]{width:48px}.elementor-widget-image img{vertical-align:middle;display:inline-block}<\/style>\t\t\t\t\t\t\t\t\t\t<img fetchpriority=\"high\" decoding=\"async\" width=\"800\" height=\"800\" src=\"https:\/\/enyos.fr\/wp-content\/uploads\/2024\/06\/SSIAP.jpg\" class=\"attachment-large size-large wp-image-26\" alt=\"\" srcset=\"https:\/\/enyos.fr\/wp-content\/uploads\/2024\/06\/SSIAP.jpg 800w, https:\/\/enyos.fr\/wp-content\/uploads\/2024\/06\/SSIAP-300x300.jpg 300w, https:\/\/enyos.fr\/wp-content\/uploads\/2024\/06\/SSIAP-150x150.jpg 150w, https:\/\/enyos.fr\/wp-content\/uploads\/2024\/06\/SSIAP-768x768.jpg 768w, https:\/\/enyos.fr\/wp-content\/uploads\/2024\/06\/SSIAP-100x100.jpg 100w\" sizes=\"(max-width: 800px) 100vw, 800px\" \/>\t\t\t\t\t\t\t\t\t\t\t\t\t<\/div>\n\t\t\t\t<\/div>\n\t\t\t\t<\/div>\n\t\t<div class=\"elementor-element elementor-element-5a3532d0 e-con-full e-flex e-con e-child\" data-id=\"5a3532d0\" data-element_type=\"container\">\n\t\t\t\t<div class=\"elementor-element elementor-element-7735f499 elementor-widget elementor-widget-text-editor\" data-id=\"7735f499\" data-element_type=\"widget\" data-widget_type=\"text-editor.default\">\n\t\t\t\t<div class=\"elementor-widget-container\">\n\t\t\t<style>\/*! elementor - v3.22.0 - 16-06-2024 *\/\n.elementor-widget-text-editor.elementor-drop-cap-view-stacked .elementor-drop-cap{background-color:#69727d;color:#fff}.elementor-widget-text-editor.elementor-drop-cap-view-framed .elementor-drop-cap{color:#69727d;border:3px solid;background-color:transparent}.elementor-widget-text-editor:not(.elementor-drop-cap-view-default) .elementor-drop-cap{margin-top:8px}.elementor-widget-text-editor:not(.elementor-drop-cap-view-default) .elementor-drop-cap-letter{width:1em;height:1em}.elementor-widget-text-editor .elementor-drop-cap{float:left;text-align:center;line-height:1;font-size:50px}.elementor-widget-text-editor .elementor-drop-cap-letter{display:inline-block}<\/style>\t\t\t\t<p>Le R\u00f4le de l&#8217;Agent SSIAP<\/p><p><br \/>Les agents de s\u00e9curit\u00e9 incendie et assistance \u00e0 personnes (SSIAP) jouent un r\u00f4le essentiel dans la pr\u00e9vention et la gestion des incendies, ainsi que dans l&#8217;assistance aux personnes en danger.<\/p><p>1. Pr\u00e9vention des Incendies : Les agents SSIAP effectuent des rondes r\u00e9guli\u00e8res pour identifier et \u00e9liminer les risques d&#8217;incendie, veillant au respect des normes de s\u00e9curit\u00e9.<\/p><p>2. Surveillance : Ils surveillent les syst\u00e8mes de d\u00e9tection incendie et les \u00e9quipements de lutte contre le feu, assurant leur bon fonctionnement.<\/p><p>3. Intervention en Cas d&#8217;Incendie : En cas d&#8217;incendie, les agents SSIAP r\u00e9agissent rapidement pour \u00e9teindre le feu, \u00e9vacuer les personnes et appeler les services de secours.<\/p><p>4. \u00c9vacuation des Personnes : Ils organisent et supervisent l&#8217;\u00e9vacuation des occupants en cas d&#8217;urgence, garantissant leur s\u00e9curit\u00e9.<\/p><p>5. Assistance aux Personnes : Les agents SSIAP portent assistance aux personnes en difficult\u00e9, notamment en cas de malaise ou d&#8217;accident.<\/p><p>6. Formation et Sensibilisation : Ils forment le personnel aux proc\u00e9dures de s\u00e9curit\u00e9 incendie et sensibilisent \u00e0 la pr\u00e9vention des risques.<\/p><p>En r\u00e9sum\u00e9, les agents SSIAP sont indispensables pour la pr\u00e9vention des incendies, la surveillance des \u00e9quipements de s\u00e9curit\u00e9 et la gestion efficace des urgences, garantissant ainsi la s\u00e9curit\u00e9 des personnes et des biens.<\/p>\t\t\t\t\t\t<\/div>\n\t\t\t\t<\/div>\n\t\t\t\t<\/div>\n\t\t\t\t<\/div>\n\t\t\t\t<\/div>\n\t\t","protected":false},"excerpt":{"rendered":"<p>Agent SSIAP Le R\u00f4le de l&#8217;Agent SSIAP Les agents de s\u00e9curit\u00e9 incendie et assistance \u00e0 personnes (SSIAP) jouent un r\u00f4le essentiel dans la pr\u00e9vention et la gestion des incendies, ainsi que dans l&#8217;assistance aux personnes en danger. 1. Pr\u00e9vention des Incendies : Les agents SSIAP effectuent des rondes r\u00e9guli\u00e8res pour identifier et \u00e9liminer les risques&#8230;<\/p>\n","protected":false},"author":1,"featured_media":26,"parent":115,"menu_order":0,"comment_status":"closed","ping_status":"closed","template":"","meta":{"_kad_post_transparent":"","_kad_post_title":"hide","_kad_post_layout":"fullwidth","_kad_post_sidebar_id":"","_kad_post_content_style":"unboxed","_kad_post_vertical_padding":"hide","_kad_post_feature":"hide","_kad_post_feature_position":"","_kad_post_header":false,"_kad_post_footer":false,"footnotes":""},"class_list":["post-206","page","type-page","status-publish","has-post-thumbnail","hentry"],"_links":{"self":[{"href":"https:\/\/enyos.fr\/index.php\/wp-json\/wp\/v2\/pages\/206","targetHints":{"allow":["GET"]}}],"collection":[{"href":"https:\/\/enyos.fr\/index.php\/wp-json\/wp\/v2\/pages"}],"about":[{"href":"https:\/\/enyos.fr\/index.php\/wp-json\/wp\/v2\/types\/page"}],"author":[{"embeddable":true,"href":"https:\/\/enyos.fr\/index.php\/wp-json\/wp\/v2\/users\/1"}],"replies":[{"embeddable":true,"href":"https:\/\/enyos.fr\/index.php\/wp-json\/wp\/v2\/comments?post=206"}],"version-history":[{"count":4,"href":"https:\/\/enyos.fr\/index.php\/wp-json\/wp\/v2\/pages\/206\/revisions"}],"predecessor-version":[{"id":210,"href":"https:\/\/enyos.fr\/index.php\/wp-json\/wp\/v2\/pages\/206\/revisions\/210"}],"up":[{"embeddable":true,"href":"https:\/\/enyos.fr\/index.php\/wp-json\/wp\/v2\/pages\/115"}],"wp:featuredmedia":[{"embeddable":true,"href":"https:\/\/enyos.fr\/index.php\/wp-json\/wp\/v2\/media\/26"}],"wp:attachment":[{"href":"https:\/\/enyos.fr\/index.php\/wp-json\/wp\/v2\/media?parent=206"}],"curies":[{"name":"wp","href":"https:\/\/api.w.org\/{rel}","templated":true}]}}